{"id":5,"date":"2026-04-17T17:36:54","date_gmt":"2026-04-17T17:36:54","guid":{"rendered":"https:\/\/blue-mongoose-992385.hostingersite.com\/?page_id=5"},"modified":"2026-04-17T17:41:57","modified_gmt":"2026-04-17T17:41:57","slug":"elya-ferraro","status":"publish","type":"page","link":"https:\/\/elyaferraro.com\/","title":{"rendered":"Elya Ferraro"},"content":{"rendered":"\t\t<div data-elementor-type=\"wp-post\" data-elementor-id=\"5\" class=\"elementor elementor-5\">\n\t\t\t\t<div class=\"elementor-element elementor-element-db59892 e-flex e-con-boxed e-con e-parent\" data-id=\"db59892\" data-element_type=\"container\" data-e-type=\"container\">\n\t\t\t\t\t<div class=\"e-con-inner\">\n\t\t\t\t<div class=\"elementor-element elementor-element-b319b8e elementor-widget elementor-widget-html\" data-id=\"b319b8e\" data-element_type=\"widget\" data-e-type=\"widget\" data-widget_type=\"html.default\">\n\t\t\t\t\t<!-- Meta Pixel Code -->\n<script>\n!function(f,b,e,v,n,t,s)\n{if(f.fbq)return;n=f.fbq=function(){n.callMethod?\nn.callMethod.apply(n,arguments):n.queue.push(arguments)};\nif(!f._fbq)f._fbq=n;n.push=n;n.loaded=!0;n.version='2.0';\nn.queue=[];t=b.createElement(e);t.async=!0;\nt.src=v;s=b.getElementsByTagName(e)[0];\ns.parentNode.insertBefore(t,s)}(window, document,'script',\n'https:\/\/connect.facebook.net\/en_US\/fbevents.js');\nfbq('init', '1990767674853360');\nfbq('track', 'PageView');\n<\/script>\n<noscript><img height=\"1\" width=\"1\" style=\"display:none\"\nsrc=\"https:\/\/www.facebook.com\/tr?id=1990767674853360&ev=PageView&noscript=1\"\n\/><\/noscript>\n<!-- End Meta Pixel Code -->\t\t\t\t<\/div>\n\t\t\t\t\t<\/div>\n\t\t\t\t<\/div>\n\t\t<div class=\"elementor-element elementor-element-9f8f88d e-flex e-con-boxed e-con e-parent\" data-id=\"9f8f88d\" data-element_type=\"container\" data-e-type=\"container\">\n\t\t\t\t\t<div class=\"e-con-inner\">\n\t\t\t\t<div class=\"elementor-element elementor-element-f80f237 elementor-widget elementor-widget-html\" data-id=\"f80f237\" data-element_type=\"widget\" data-e-type=\"widget\" data-widget_type=\"html.default\">\n\t\t\t\t\t<!DOCTYPE html>\r\n<html lang=\"pt-BR\">\r\n<head>\r\n<meta charset=\"UTF-8\">\r\n<meta name=\"viewport\" content=\"width=device-width, initial-scale=1.0\">\r\n<title>Elya Ferraro<\/title>\r\n\r\n<style>\r\nbody {\r\n    margin: 0;\r\n    font-family: Arial, sans-serif;\r\n    background: #0b0b0b;\r\n    color: #fff;\r\n}\r\n\r\n\/* TOPO FIXO (PROVA SOCIAL) *\/\r\n.top-bar {\r\n    position: fixed;\r\n    top: 0;\r\n    width: 100%;\r\n    background: #111;\r\n    padding: 10px;\r\n    text-align: center;\r\n    font-size: 13px;\r\n    z-index: 1000;\r\n    border-bottom: 1px solid #222;\r\n}\r\n\r\n\/* CONTAINER *\/\r\n.container {\r\n    padding: 70px 20px 40px;\r\n    max-width: 500px;\r\n    margin: auto;\r\n    text-align: center;\r\n}\r\n\r\n\/* STATUS ONLINE *\/\r\n.online {\r\n    display: inline-block;\r\n    margin-bottom: 10px;\r\n    font-size: 14px;\r\n    color: #00ff88;\r\n}\r\n\r\n\/* TITULO *\/\r\nh1 {\r\n    font-size: 26px;\r\n    margin-bottom: 15px;\r\n}\r\n\r\n\/* TEXTO *\/\r\np {\r\n    font-size: 17px;\r\n    color: #ccc;\r\n    line-height: 1.6;\r\n}\r\n\r\n\/* BOT\u00c3O *\/\r\n.btn {\r\n    display: block;\r\n    width: 100%;\r\n    margin-top: 20px;\r\n    padding: 18px;\r\n    background: linear-gradient(45deg, #ff2d55, #ff6b81);\r\n    color: #fff;\r\n    text-decoration: none;\r\n    font-weight: bold;\r\n    border-radius: 12px;\r\n    font-size: 18px;\r\n    box-shadow: 0 0 20px rgba(255,45,85,0.5);\r\n    transition: 0.2s;\r\n}\r\n\r\n.btn:active {\r\n    transform: scale(0.97);\r\n}\r\n\r\n\/* BADGE *\/\r\n.badge {\r\n    background: #1a1a1a;\r\n    padding: 12px;\r\n    border-radius: 10px;\r\n    margin-top: 15px;\r\n    font-size: 14px;\r\n}\r\n\r\n\/* TIMER *\/\r\n.timer {\r\n    font-size: 18px;\r\n    margin-top: 10px;\r\n    color: #ff2d55;\r\n    font-weight: bold;\r\n}\r\n\r\n\/* SE\u00c7\u00c3O *\/\r\n.section {\r\n    border-bottom: 1px solid #222;\r\n    padding-bottom: 30px;\r\n    margin-bottom: 30px;\r\n}\r\n\r\n\/* BARRA FIXA INFERIOR *\/\r\n.bottom-bar {\r\n    position: fixed;\r\n    bottom: 0;\r\n    width: 100%;\r\n    background: #0b0b0b;\r\n    padding: 10px;\r\n    border-top: 1px solid #222;\r\n}\r\n\r\n\/* CONTADOR PULSANTE *\/\r\n.pulse {\r\n    animation: pulse 1.5s infinite;\r\n}\r\n\r\n@keyframes pulse {\r\n    0% {opacity: 1;}\r\n    50% {opacity: 0.6;}\r\n    100% {opacity: 1;}\r\n}\r\n<\/style>\r\n<\/head>\r\n\r\n<body>\r\n\r\n<div class=\"top-bar pulse\">\r\n\ud83d\udd25 17 pessoas acessando agora\r\n<\/div>\r\n\r\n<div class=\"container section\">\r\n    <div class=\"online\">\ud83d\udfe2 Elya est\u00e1 online agora<\/div>\r\n\r\n    <h1>Voc\u00ea ainda n\u00e3o viu tudo...<\/h1>\r\n\r\n    <p>\r\n        Existe um lado da Elya Ferraro que n\u00e3o aparece em redes sociais.\r\n        Um espa\u00e7o mais privado, direto e sem filtros.\r\n    <\/p>\r\n\r\n    <div class=\"badge\">\u26a0\ufe0f Acesso limitado hoje<\/div>\r\n\r\n    <div class=\"timer\" id=\"timer\">05:00<\/div>\r\n\r\n    <a href=\"https:\/\/pay.hotmart.com\/D105433261P\" class=\"btn\">\r\n        \ud83d\udd13 Quero acessar agora\r\n    <\/a>\r\n<\/div>\r\n\r\n<div class=\"container section\">\r\n    <h1>O que te espera l\u00e1 dentro<\/h1>\r\n\r\n    <p>\u2022 Conte\u00fados privados e atualizados<\/p>\r\n    <p>\u2022 Libera\u00e7\u00e3o sem aviso pr\u00e9vio<\/p>\r\n    <p>\u2022 Experi\u00eancia mais pr\u00f3xima e exclusiva<\/p>\r\n\r\n    <div class=\"badge\">\ud83d\udd25 Quem entra, n\u00e3o volta atr\u00e1s<\/div>\r\n\r\n    <a href=\"https:\/\/pay.hotmart.com\/D105433261P\" class=\"btn\">\r\n        Liberar meu acesso\r\n    <\/a>\r\n<\/div>\r\n\r\n<div class=\"container\">\r\n    <h1>Decis\u00e3o r\u00e1pida<\/h1>\r\n\r\n    <p>\r\n        Esse acesso pode ser fechado a qualquer momento.\r\n        Se sair agora, pode n\u00e3o encontrar novamente.\r\n    <\/p>\r\n\r\n    <div class=\"badge\">\u26a1 Libera\u00e7\u00e3o imediata<\/div>\r\n<\/div>\r\n\r\n<!-- BARRA FIXA -->\r\n<div class=\"bottom-bar\">\r\n    <a href=\"https:\/\/pay.hotmart.com\/D105433261P\" class=\"btn\">\r\n        Entrar agora \ud83d\udd25\r\n    <\/a>\r\n<\/div>\r\n\r\n<script>\r\n\/\/ TIMER REGRESSIVO\r\nlet time = 300;\r\nconst timerEl = document.getElementById(\"timer\");\r\n\r\nsetInterval(() => {\r\n    let min = Math.floor(time \/ 60);\r\n    let sec = time % 60;\r\n    timerEl.innerHTML = `${min}:${sec < 10 ? '0'+sec : sec}`;\r\n    if(time > 0) time--;\r\n}, 1000);\r\n<\/script>\r\n\r\n<\/body>\r\n<\/html>\t\t\t\t<\/div>\n\t\t\t\t\t<\/div>\n\t\t\t\t<\/div>\n\t\t\t\t<\/div>\n\t\t","protected":false},"excerpt":{"rendered":"<p>Elya Ferraro \ud83d\udd25 17 pessoas acessando agora \ud83d\udfe2 Elya est\u00e1 online agora Voc\u00ea ainda n\u00e3o viu tudo&#8230; Existe um lado da Elya Ferraro que n\u00e3o aparece em redes sociais. Um espa\u00e7o mais privado, direto e sem filtros. \u26a0\ufe0f Acesso limitado hoje 05:00 \ud83d\udd13 Quero acessar agora O que te espera l\u00e1 dentro \u2022 Conte\u00fados privados [&hellip;]<\/p>\n","protected":false},"author":1,"featured_media":0,"parent":0,"menu_order":0,"comment_status":"closed","ping_status":"closed","template":"elementor_canvas","meta":{"footnotes":""},"class_list":["post-5","page","type-page","status-publish","hentry"],"_hostinger_reach_plugin_has_subscription_block":false,"_hostinger_reach_plugin_is_elementor":false,"_links":{"self":[{"href":"https:\/\/elyaferraro.com\/index.php?rest_route=\/wp\/v2\/pages\/5","targetHints":{"allow":["GET"]}}],"collection":[{"href":"https:\/\/elyaferraro.com\/index.php?rest_route=\/wp\/v2\/pages"}],"about":[{"href":"https:\/\/elyaferraro.com\/index.php?rest_route=\/wp\/v2\/types\/page"}],"author":[{"embeddable":true,"href":"https:\/\/elyaferraro.com\/index.php?rest_route=\/wp\/v2\/users\/1"}],"replies":[{"embeddable":true,"href":"https:\/\/elyaferraro.com\/index.php?rest_route=%2Fwp%2Fv2%2Fcomments&post=5"}],"version-history":[{"count":5,"href":"https:\/\/elyaferraro.com\/index.php?rest_route=\/wp\/v2\/pages\/5\/revisions"}],"predecessor-version":[{"id":19,"href":"https:\/\/elyaferraro.com\/index.php?rest_route=\/wp\/v2\/pages\/5\/revisions\/19"}],"wp:attachment":[{"href":"https:\/\/elyaferraro.com\/index.php?rest_route=%2Fwp%2Fv2%2Fmedia&parent=5"}],"curies":[{"name":"wp","href":"https:\/\/api.w.org\/{rel}","templated":true}]}}